{"id":13685,"date":"2023-07-31T14:11:11","date_gmt":"2023-07-31T11:11:11","guid":{"rendered":"http:\/\/new.fwsd.uth.gr\/?page_id=13685"},"modified":"2023-07-31T14:12:42","modified_gmt":"2023-07-31T11:12:42","slug":"books","status":"publish","type":"page","link":"https:\/\/fwsd.uth.gr\/en\/books\/","title":{"rendered":"Books"},"content":{"rendered":"<div data-elementor-type=\"wp-page\" data-elementor-id=\"13685\" class=\"elementor elementor-13685\">\n\t\t\t\t\t\t\t\t\t<section class=\"elementor-section elementor-top-section elementor-element elementor-element-70ea7aa elementor-section-stretched elementor-section-boxed elementor-section-height-default elementor-section-height-default\" data-id=\"70ea7aa\" data-element_type=\"section\" data-settings=\"{&quot;stretch_section&quot;:&quot;section-stretched&quot;}\">\n\t\t\t\t\t\t<div class=\"elementor-container elementor-column-gap-default\">\n\t\t\t\t\t<div class=\"elementor-column elementor-col-100 elementor-top-column elementor-element elementor-element-e911b8e\" data-id=\"e911b8e\" data-element_type=\"column\">\n\t\t\t<div class=\"elementor-widget-wrap elementor-element-populated\">\n\t\t\t\t\t\t\t\t<div class=\"elementor-element elementor-element-50fcca9 elementor-widget elementor-widget-text-editor\" data-id=\"50fcca9\" data-element_type=\"widget\" data-widget_type=\"text-editor.default\">\n\t\t\t\t<div class=\"elementor-widget-container\">\n\t\t\t<style>\/*! elementor - v3.17.0 - 01-11-2023 *\/\n.elementor-widget-text-editor.elementor-drop-cap-view-stacked .elementor-drop-cap{background-color:#69727d;color:#fff}.elementor-widget-text-editor.elementor-drop-cap-view-framed .elementor-drop-cap{color:#69727d;border:3px solid;background-color:transparent}.elementor-widget-text-editor:not(.elementor-drop-cap-view-default) .elementor-drop-cap{margin-top:8px}.elementor-widget-text-editor:not(.elementor-drop-cap-view-default) .elementor-drop-cap-letter{width:1em;height:1em}.elementor-widget-text-editor .elementor-drop-cap{float:left;text-align:center;line-height:1;font-size:50px}.elementor-widget-text-editor .elementor-drop-cap-letter{display:inline-block}<\/style>\t\t\t\t<p>G\u00fcndo\u011fan B., B. Binba\u015faran T\u00fczys\u00fczo\u011flu, A. \u00d6zkil, E. Mitrovic, M.C.E. Rizzo, I. Ausiello,<span>\u00a0<\/span><strong>M. Vrachnakis<\/strong><span>\u00a0<\/span>and Martin Warren.<span>\u00a0<\/span><strong>2019.<\/strong><span>\u00a0<\/span>Nature Host Guide Book. T. Can and B. Cengel (eds).<span>\u00a0<\/span><em>Nature for Youth and City Project<\/em>, AGREEMENT n\u00b0 2016-2-TR01-KA205-036224. Funded by Erasmus+ Programme, Key Action 205 Capacity Building in the Field of Youth. Nature Conservation Centre, Ankara, Turkey.<\/p><p>Kilanioti, I., A. Fernandez-Montes, D. Fernandez-Cerero,<span>\u00a0<\/span><strong>A. Karageorgos<\/strong>, C. Mettouris, V. Nejkovic, N. Albanis, R. Bashroush and G. A. Papadopoulos, &#8216;<a href=\"https:\/\/www.cs.ucy.ac.cy\/~george\/files\/cHiPSet19.pdf\"><em>Towards Efficient and Scalable Data-Intensive Content Delivery: State-of-the-Art, Issues and Challenges<\/em><\/a>&#8216;,<span>\u00a0<\/span><a href=\"https:\/\/link.springer.com\/book\/10.1007\/978-3-030-16272-6\">High-Performance Modelling and Simulation for Big Data Applications<\/a>, J. Kolodziej and H. Gonzalez-Velez (eds), LNCS 11400, Springer,<span>\u00a0<\/span><strong>2019<\/strong>, chapter 4, pp. 88-137.<\/p><p><strong>\u03a3\u03ba\u03b1\u03c1\u03b2\u03ad\u03bb\u03b7\u03c2 M<\/strong>.<span>\u00a0<\/span><strong>2019<\/strong>.<span>\u00a0<\/span><em>\u03a4\u03b5\u03c7\u03bd\u03bf\u03bb\u03bf\u03b3\u03af\u03b1 \u03a0\u03b1\u03c1\u03b1\u03b3\u03c9\u03b3\u03ae\u03c2 \u0395\u03c0\u03af\u03c0\u03bb\u03bf\u03c5<\/em>. \u0395\u03ba\u03b4. \u03a4\u03b6\u03b9\u03cc\u03bb\u03b1, \u03c3\u03b5\u03bb. 333.<\/p><p>Janssen J.A.M., J.S. Rodwell, M. Garc\u00eda Criado, S. Gubbay, T. Haynes, A. Nieto, N. Sanders, F. Landucci, J. Loidi, A. Ssymank, T. Tahvanainen, M. Valderrabano, A. Acosta, M. Aronsson, G. Arts, F. Attorre, E. Bergmeier, R.-J. Bijlsma, F. Bioret, C. Bi\u0163\u0103-Nicolae, I. Biurrun, M. Calix, J. Capelo, A. \u010carni, M. Chytr\u00fd, J. Dengler, P. Dimopoulos, F. Essl, H. Gardfjell, D. Gigante, G. Giusso del Galdo, M. H\u00e1jek, F. Jansen, J. Jansen, J. Kapfer, A. Mickolajczak, J.A. Molina, Z. Moln\u00e1r, D. Paternoster, A. Piernik, B. Poulin, B. Renaux, J.H.J. Schamin\u00e9e, K. \u0160umberov\u00e1, H. Toivonen, T. Tonteri, I. Tsiripidis, R. Tzonev and M. Valachovi\u010d,<span>\u00a0<\/span><strong>with contributions of<\/strong><span>\u00a0<\/span>P.A. Aarrestad, E. Agrillo, E. Alegro, I. Alonso, S. Angus, O. Argagnon, S. Armiraglio, S. Assini, L. Aunina, A.B.G. Averis, A.M. Averis, S. Bagella, Z. Barina, S. Barron, S. Bell, E. Bendiksen, J. Boloni, T.E. Brandrud, J. Brophy, G. Buffa, J.A. Campos, L. Casella, C. Christodoulou, A. Church, P. Corbett, J.-M. Couvreur, J. Creer, A. Crowle, J. Dahlgren, L. De Keersmaeker, R. Delarze, L.-M. Delescaille, L. Denys, S. De Saeger, F. Devany, D. de Vries, I. Diack, M. Dimitrov, W. Eide, D. Espirito Santo, M. Fagaras, V. Fievet, P. Finck, U. Fitzpatrick, G. Fotiadis, E. Framstad, P. Frankard, C. Giancola, Ch. Gussev, R. Hall, B. Hamill, R. Haveman, S. Heinze, S. Hennekens, C. Hobohm, P. Ivanov, A. Jacobson, G. Janauer, M. Jani\u0161ova, R.G. Jefferson, P. Jones, N. Juvan, Z. K\u0105cki, A. Kallimanis, Y. Kazoglou, D. Keith, K. Keulen, G. Kiraly, K. Kirby, M. Ko\u010di, T. Kontula, E. Leibak, A. Leyssen, S. Lotman, A. Lyngstad, H. Maemets, C. Mainstone, K. Makela, C. Marceno, J.R. Martin, V. Matevski, A. Mesterhazy, \u0110. Milanovi\u0107, F. Millaku, R. Miller, J. Millet, M. Mjelde, A. Moen, B. Nygaard, D.-I. Oien, F. O\u2019Neill, J. Paal, J. Packet, D. Paelinckx, C. Panaiotis, M. Panitsa, P. Perrin, G. Pezzi, I. Prisco, M. Prosser, S. Provoost, V. Ra\u0161omavi\u010dius, U. Raths, S. Rees, U. Riecken, E. Roosaluste, I. Rove, J. Reymann, J.P. Rodriguez, E. Rothero, V. Rusakova, S. Rusina, C. Scanlan, R. Schuiling, S. Sciandrello, I. Sell, J. \u0160ibik, J. Simkin, \u017d. \u0160kvorc, D. Spray, D. Ste\u0161evi\u0107, G.H. Strand, V. Stupar, A. Thomaes, S. Trajanovska, A. Van Braekel, W. Van Landuyt, K. Vanderkerkhove, B. Vandevoorde, J. Van Uytvanck, A. Varga, N. Velkovski, R. Venanzoni, P. Verte, D. Viciani,<span>\u00a0<\/span><strong>M. Vrahnakis<\/strong>, E. Von Wachenfeldt, H. Wallace, S. Watt, E. Weeda, L. Wibail, W. Willner, P. Wilson and F. Xystrakis.<span>\u00a0<\/span><strong>2016.<\/strong><span>\u00a0<\/span><em>European Red List of Habitats. Part 2. Terrestrial and freshwater habitats.<\/em><span>\u00a0<\/span>ISBN 978-92-79-61588-7, doi: 10.2779\/091372. Luxembourg: Publications Office of the European Union, p. 44.<\/p><p><strong>\u03a3\u03ba\u03b1\u03c1\u03b2\u03ad\u03bb\u03b7\u03c2 \u039c.<\/strong>, \u03a3\u03b9\u03b4\u03b5\u03c1\u03ac\u03c2 \u0391.<span>\u00a0<\/span><strong>2016.<\/strong><span>\u00a0<\/span><em>\u039f\u03b4\u03b7\u03b3\u03cc\u03c2 \u0391\u03bd\u03b1\u03b3\u03bd\u03ce\u03c1\u03b9\u03c3\u03b7\u03c2 \u0395\u03bc\u03c0\u03bf\u03c1\u03b5\u03cd\u03c3\u03b9\u03bc\u03b7\u03c2 \u0394\u03b1\u03c3\u03b9\u03ba\u03ae\u03c2 \u039e\u03c5\u03bb\u03b5\u03af\u03b1\u03c2 \u03ba\u03b1\u03b9 \u03a0\u03c1\u03bf\u03ca\u03cc\u03bd\u03c4\u03c9\u03bd \u03b1\u03c5\u03c4\u03ae\u03c2. \u03a5\u03c0. \u03a0\u03b5\u03c1\u03b9\u03b2\u03ac\u03bb\u03bb\u03bf\u03bd\u03c4\u03bf\u03c2 &amp; \u0395\u03bd\u03ad\u03c1\u03b3\u03b5\u03b9\u03b1\u03c2, \u0393.\u0394. \u0391\u03bd\u03ac\u03c0\u03c4\u03c5\u03be\u03b7\u03c2 \u03ba\u03b1\u03b9 \u03a0\u03c1\u03bf\u03c3\u03c4\u03b1\u03c3\u03af\u03b1\u03c2 \u0394\u03b1\u03c3\u03ce\u03bd \u03ba\u03b1\u03b9 \u0391\u03b3\u03c1\u03bf\u03c0\u03b5\u03c1\u03b9\u03b2\u03ac\u03bb\u03bb\u03bf\u03bd\u03c4\u03bf\u03c2<\/em>,<span>\u00a0<\/span><strong>2016<\/strong>, \u03c3\u03b5\u03bb. 111.<\/p><p><strong>\u0392\u03c1\u03b1\u03c7\u03bd\u03ac\u03ba\u03b7\u03c2 \u039c<\/strong>.<span>\u00a0<\/span><strong>2015<\/strong>.<span>\u00a0<\/span><em>\u039b\u03b9\u03b2\u03b1\u03b4\u03bf\u03c0\u03bf\u03bd\u03af\u03b1. \u0395\u03bb\u03bb\u03b7\u03bd\u03b9\u03ba\u03ac \u0391\u03ba\u03b1\u03b4\u03b7\u03bc\u03b1\u03ca\u03ba\u03ac \u0397\u03bb\u03b5\u03ba\u03c4\u03c1\u03bf\u03bd\u03b9\u03ba\u03ac \u03a3\u03c5\u03b3\u03b3\u03c1\u03ac\u03bc\u03bc\u03b1\u03c4\u03b1 \u03ba\u03b1\u03b9 \u0392\u03bf\u03b7\u03b8\u03ae\u03bc\u03b1\u03c4\u03b1<\/em><span>\u00a0<\/span>&#8211; \u039a\u03ac\u03bb\u03bb\u03b9\u03c0\u03bf\u03c2. \u0395\u03b8\u03bd\u03b9\u03ba\u03cc \u039c\u03b5\u03c4\u03c3\u03cc\u03b2\u03b9\u03bf \u03a0\u03bf\u03bb\u03c5\u03c4\u03b5\u03c7\u03bd\u03b5\u03af\u03bf, \u03a3\u03cd\u03bd\u03b4\u03b5\u03c3\u03bc\u03bf\u03c2 \u0395\u03bb\u03bb\u03b7\u03bd\u03b9\u03ba\u03ce\u03bd \u0391\u03ba\u03b1\u03b4\u03b7\u03bc\u03b1\u03ca\u03ba\u03ce\u03bd \u0392\u03b9\u03b2\u03bb\u03b9\u03bf\u03b8\u03b7\u03ba\u03ce\u03bd, (ISBN: 978-960-603-207-3, \u03c3\u03b5\u03bb. 229),<span>\u00a0<\/span><a href=\"https:\/\/repository.kallipos.gr\/handle\/11419\/1191\">https:\/\/repository.kallipos.gr\/handle\/11419\/1191<\/a>.<\/p><p>\u0392\u03ad\u03c1\u03b3\u03bf\u03c2 \u03a3\u03c4.,<span>\u00a0<\/span><strong>\u0391\u03c1\u03ad\u03c4\u03bf\u03c2 \u0392.<\/strong>, \u03a0\u03bf\u03bb\u03ad\u03b6\u03b5 \u03a7., \u03a4\u03c3\u03b9\u03c1\u03bf\u03cd\u03ba\u03b7\u03c2 \u0391\u03c7.,<span>\u00a0<\/span><strong>2015<\/strong>: \u00ab<em>\u039c\u03ad\u03c3\u03b7 \u0394\u03b1\u03c3\u03b9\u03ba\u03ae \u03a3\u03c7\u03bf\u03bb\u03ae \u0391\u03b3\u03b9\u03ac\u03c2. \u0395\u03ba\u03b1\u03c4\u03cc \u03c7\u03c1\u03cc\u03bd\u03b9\u03b1 (1915-2015) \u03b1\u03c0\u03cc \u03c4\u03b7\u03bd \u03af\u03b4\u03c1\u03c5\u03c3\u03ae \u03c4\u03b7\u03c2<\/em>\u00bb. \u0395\u03ba\u03b4\u03cc\u03c3\u03b5\u03b9\u03c2 \u0393\u03b9\u03b1\u03c7\u03bf\u03cd\u03b4\u03b7, ISBN: 978-618-5092-14-6.<\/p><p><strong>Vrahnakis M.<\/strong>, A.P. Kyriazopoulos, D. Chouvardas and G. Fotiadis (<strong>\u03b5\u03c0\u03b9\u03bc. \u03ad\u03ba\u03b4\u03bf\u03c3\u03b7\u03c2<\/strong>).<span>\u00a0<\/span><strong>2013<\/strong>.<span>\u00a0<\/span><em>Dry grasslands of Europe: Grazing and Ecosystems Services<\/em>. Greek Ministry of Environment, Energy and Climate Change, Hellenic Rangeland and Pasture Society, ISBN 978-960-86416-5-5, p. 351.<\/p><p><strong>\u0392\u03c1\u03b1\u03c7\u03bd\u03ac\u03ba\u03b7\u03c2 \u039c.,<\/strong><span>\u00a0<\/span>\u0393. \u03a6\u03c9\u03c4\u03b9\u03ac\u03b4\u03b7\u03c2 \u03ba\u03b1\u03b9 \u0399. \u039a\u03b1\u03b6\u03cc\u03b3\u03bb\u03bf\u03c5. 2<strong>012<\/strong>.<span>\u00a0<\/span><em>\u03a4\u03cd\u03c0\u03bf\u03b9 \u039f\u03b9\u03ba\u03bf\u03c4\u03cc\u03c0\u03c9\u03bd \u0395\u03b8\u03bd\u03b9\u03ba\u03bf\u03cd \u03a0\u03ac\u03c1\u03ba\u03bf\u03c5 \u03a0\u03c1\u03b5\u03c3\u03c0\u03ce\u03bd<\/em>. \u0395\u03c4\u03b1\u03b9\u03c1\u03af\u03b1 \u03a0\u03c1\u03bf\u03c3\u03c4\u03b1\u03c3\u03af\u03b1\u03c2 \u03a0\u03c1\u03b5\u03c3\u03c0\u03ce\u03bd (\u03b5\u03c0. \u03ad\u03ba\u03b4\u03bf\u03c3\u03b7\u03c2), ISBN: 978-618-80029-0-6, \u03c3\u03b5\u03bb. 103 + \u03a0\u03b1\u03c1\u03b1\u03c1\u03c4\u03ae\u03bc\u03b1\u03c4\u03b1.<\/p><p>Serugendo G. D. M., M. P. Gleizes and<strong><span>\u00a0<\/span>A. Karageorgos<\/strong><span>\u00a0<\/span>(eds).<span>\u00a0<\/span><a href=\"http:\/\/www.springer.com\/computer\/ai\/book\/978-3-642-17347-9\"><em>Self-Organising Software: From Natural to Artificial Adaptation<\/em><\/a>. Natural Computing Series,<span>\u00a0<\/span><strong>2011<\/strong>, Springer: Berlin, 462 p, \u0399SBN 978-3-642-17347-9.<\/p><p>\u03a3\u03ce\u03ba\u03bf\u03c2, \u03a7.,<span>\u00a0<\/span><strong>\u03a0. \u039c\u03c0\u03af\u03c1\u03c4\u03c3\u03b1\u03c2<\/strong><span>\u00a0<\/span>\u03ba\u03b1\u03b9 \u03a7. \u039c\u03c0\u03b9\u03bb\u03bb\u03af\u03bd\u03b7\u03c2. (<strong>2011<\/strong>).<span>\u00a0<\/span><em>\u0391\u03b3\u03b3\u03bb\u03bf-\u0395\u03bb\u03bb\u03b7\u03bd\u03b9\u03ba\u03cc \u03bb\u03b5\u03be\u03b9\u03ba\u03cc \u03b5\u03c0\u03b9\u03c3\u03c4\u03b7\u03bc\u03bf\u03bd\u03b9\u03ba\u03ce\u03bd \u03cc\u03c1\u03c9\u03bd \u03b3\u03b9\u03b1 \u03c4\u03b7\u03bd \u03ac\u03b3\u03c1\u03b9\u03b1 \u03c0\u03b1\u03bd\u03af\u03b4\u03b1<\/em>.<span>\u00a0<\/span><a href=\"http:\/\/www.panida.gr\/site\/category\/lexicon\">http:\/\/www.panida.gr\/site\/category\/lexicon<\/a><\/p><p><strong>\u03a0\u03b1\u03c0\u03b1\u03b4\u03cc\u03c0\u03bf\u03c5\u03bb\u03bf\u03c2, \u0399<\/strong>. (<strong>2010<\/strong>) \u00ab<em>\u039c\u03ac\u03c1\u03ba\u03b5\u03c4\u03b9\u03bd\u03b3\u03ba \u03b5\u03c0\u03af\u03c0\u03bb\u03c9\u03bd \u03ba\u03b1\u03b9 \u03c0\u03c1\u03bf\u03ca\u03cc\u03bd\u03c4\u03c9\u03bd \u03be\u03cd\u03bb\u03bf\u03c5<\/em>\u00bb. \u0395\u03ba\u03b4\u03cc\u03c3\u03b5\u03b9\u03c2 \u0391\u03b8. \u03a3\u03c4\u03b1\u03bc\u03bf\u03cd\u03bb\u03b7, ISBN 978-960-351-848-8, \u0391\u03b8\u03ae\u03bd\u03b1, \u03c3\u03b5\u03bb. 592.<span>\u00a0<\/span><a href=\"http:\/\/www.stamoulis.gr\/ViewShopProduct.aspx?ProductId=401706\">http:\/\/www.stamoulis.gr\/ViewShopProduct.aspx?ProductId=401706<\/a><\/p><p>Vareltzidou, S. (author), L Strixner (author), T. Kouimtzis, M. Panagiotopoulou, K. Ioannidou, E. Katrana, L. Papadranga, E. Eleftheriadou, C. Mamarikas, V. Kleftoyanni, V. Tsiaousi, Y. Kazoglou, D. Bobori and<span>\u00a0<\/span><strong>M.S. Vrahnakis<\/strong><span>\u00a0<\/span>(members of core technical team).<span>\u00a0<\/span><strong>2009<\/strong>.<span>\u00a0<\/span><em>Recommended Strategic Plan for maintaining favourable conservation status of Natura 2000 areas in the Axios Delta (2009-2013)<\/em>. Axios Loudias Aliakmonas Estuaries Management Authority, Greece.<\/p><p>\u03a7\u03b1\u03c3\u03ac\u03bd\u03b1\u03b3\u03b1\u03c2, \u039d. \u0394., \u0391. \u03a3\u03b1\u03c7\u03c0\u03ac\u03b6\u03b7, \u03a3. \u039a\u03ac\u03bc\u03ba\u03bf\u03c2, \u0393. \u03a4\u03b6\u03b9\u03bc\u03c0\u03c1\u03af\u03b4\u03bf\u03c5,<span>\u00a0<\/span><strong>\u03a0. \u039c\u03c0\u03af\u03c1\u03c4\u03c3\u03b1\u03c2,<\/strong><span>\u00a0<\/span>\u03ba\u03b1\u03b9 \u039a. \u03a1\u03b1\u03b4\u03cc\u03b3\u03bb\u03bf\u03c5 (<strong>2009<\/strong>).<span>\u00a0<\/span><em>\u03a0\u03bf\u03c3\u03bf\u03c4\u03b9\u03ba\u03ae \u03b1\u03bd\u03ac\u03bb\u03c5\u03c3\u03b7 \u03ba\u03bf\u03b9\u03bd\u03c9\u03bd\u03b9\u03ba\u03bf\u03c0\u03bf\u03bb\u03b9\u03c4\u03b9\u03ba\u03ae\u03c2 \u03b4\u03cd\u03bd\u03b1\u03bc\u03b7\u03c2 \u03ba\u03b1\u03b9 \u03b4\u03bf\u03bc\u03ce\u03bd \u03c3\u03b5 \u03b4\u03af\u03ba\u03c4\u03c5\u03b1 \u03b8\u03b7\u03c1\u03b1\u03bc\u03b1\u03c4\u03b9\u03ba\u03ae\u03c2 \u03c0\u03b5\u03c1\u03b9\u03b2\u03b1\u03bb\u03bb\u03bf\u03bd\u03c4\u03b9\u03ba\u03ae\u03c2 \u03c0\u03bf\u03bb\u03b9\u03c4\u03b9\u03ba\u03ae\u03c2<\/em>. \u0395\u03b8\u03bd\u03b9\u03ba\u03cc \u038a\u03b4\u03c1\u03c5\u03bc\u03b1 \u0391\u03b3\u03c1\u03bf\u03c4\u03b9\u03ba\u03ae\u03c2 \u0388\u03c1\u03b5\u03c5\u03bd\u03b1\u03c2 \u2013 \u03a4\u03bc\u03ae\u03bc\u03b1 \u0395\u03ba\u03b4\u03cc\u03c3\u03b5\u03c9\u03bd. \u0391\u03b8\u03ae\u03bd\u03b1. \u03a3\u03b5\u03bb. 128 (ISBN 978-960-88296-4-0)<\/p><p>\u039c\u03ad\u03c1\u03bf\u03c5 \u0398., \u0393. \u03a6\u03c9\u03c4\u03b9\u03ac\u03b4\u03b7\u03c2, \u03a3\u03c0. \u03a4\u03c3\u03b9\u03c6\u03c4\u03c3\u03ae\u03c2, \u039a. \u0392\u03b9\u03b4\u03ac\u03ba\u03b7\u03c2,<span>\u00a0<\/span><strong>\u039c. \u0392\u03c1\u03b1\u03c7\u03bd\u03ac\u03ba\u03b7\u03c2<\/strong>, \u0399. \u03a4\u03c3\u03b9\u03c1\u03b9\u03c0\u03af\u03b4\u03b7\u03c2 \u03ba\u03b1\u03b9 \u0392. \u03a0\u03b1\u03c0\u03b1\u03bd\u03b1\u03c3\u03c4\u03ac\u03c3\u03b7\u03c2.<span>\u00a0<\/span><strong>2007<\/strong>.<span>\u00a0<\/span><em>\u03a8\u03c5\u03c7\u03b1\u03bd\u03b8\u03ae \u03c4\u03b7\u03c2 \u0392\u03cc\u03c1\u03b5\u03b9\u03b1\u03c2 \u0395\u03bb\u03bb\u03ac\u03b4\u03b1\u03c2 \u2013 \u03a0\u03cc\u03b5\u03c2, \u0398\u03ac\u03bc\u03bd\u03bf\u03b9<\/em>. \u0398. \u039c\u03ad\u03c1\u03bf\u03c5 (\u0395\u03c0\u03bf\u03c0\u03c4\u03b5\u03af\u03b1 \u03ad\u03ba\u03b4\u03bf\u03c3\u03b7\u03c2), \u0388\u03ba\u03b4\u03bf\u03c3\u03b7 Photo\/Graphs Studio, O.E., \u0394\u03c1\u03ac\u03bc\u03b1. ISBN: 978-960-363-030-2, \u03c3\u03b5\u03bb. 224.<\/p><p><strong>\u039c\u03c0\u03af\u03c1\u03c4\u03c3\u03b1\u03c2, \u03a0.,<\/strong><span>\u00a0<\/span>\u0393. \u0394\u03ad\u03bb\u03bb\u03b9\u03bf\u03c2, \u03a7. \u03a3\u03ce\u03ba\u03bf\u03c2, \u03ba\u03b1\u03b9 \u039a. \u03a3\u03ba\u03bf\u03c1\u03b4\u03ac\u03c2. (<strong>2006<\/strong>).<span>\u00a0<\/span><em>\u039a\u03c5\u03bd\u03b7\u03b3\u03b5\u03c4\u03b9\u03ba\u03cc \u03b5\u03b3\u03c7\u03b5\u03b9\u03c1\u03af\u03b4\u03b9\u03bf<\/em>. \u039a\u03c5\u03bd\u03b7\u03b3\u03b5\u03c4\u03b9\u03ba\u03ae \u039f\u03bc\u03bf\u03c3\u03c0\u03bf\u03bd\u03b4\u03af\u03b1 \u039c\u03b1\u03ba\u03b5\u03b4\u03bf\u03bd\u03af\u03b1\u03c2 &amp; \u0398\u03c1\u03ac\u03ba\u03b7\u03c2. \u03a3\u03b5\u03bb. 318. (ISSN 1109-6004)<\/p><p>Brueckner S., G. D. M. Serugendo,<span>\u00a0<\/span><strong>A. Karageorgos<\/strong>, and R. Nagpal, (eds).<span>\u00a0<\/span><a href=\"http:\/\/www.springerlink.com\/content\/978-3-540-26180-3\/?p=da60eb605da245bf844948aff0a01fcc&amp;pi=1\"><em>Engineering Self-Organising Systems: Methodologies and Applications<\/em><\/a>. Lecture Notes in Computer Science, Vol. 3464.<strong><span>\u00a0<\/span>2005<\/strong>, Springer: Berlin, 299 p., ISBN 978-3-540-26180-3.<\/p><p><strong>\u039a\u03b1\u03c1\u03b1\u03c3\u03c4\u03b5\u03c1\u03b3\u03af\u03bf\u03c5, \u03a3.<\/strong>, \u03a6\u03b9\u03bb\u03af\u03c0\u03c0\u03bf\u03c5, \u0399, \u03a3\u03ba\u03bf\u03c5\u03bb\u03b1\u03c1\u03ac\u03ba\u03bf\u03c2, \u039a. \u03ba\u03b1\u03b9 \u0393. \u039a\u03b1\u03bb\u03ad\u03bc\u03b1\u03c2.<span>\u00a0<\/span><strong>2005<\/strong>. \u03a4<em>\u03b5\u03c7\u03bd\u03bf\u03bb\u03bf\u03b3\u03af\u03b1 \u039e\u03cd\u03bb\u03bf\u03c5 \u2013 \u039c\u03b7\u03c7\u03b1\u03bd\u03ae\u03bc\u03b1\u03c4\u03b1<\/em>. \u03a5\u03a0\u0395\u03a0\u0398, \u03a0\u03b1\u03b9\u03b4\u03b1\u03b3\u03c9\u03b3\u03b9\u03ba\u03cc \u0399\u03bd\u03c3\u03c4\u03b9\u03c4\u03bf\u03cd\u03c4\u03bf, \u039f\u03c1\u03b3\u03b1\u03bd\u03b9\u03c3\u03bc\u03cc\u03c2 \u0388\u03ba\u03b4\u03bf\u03c3\u03b7\u03c2 \u0394\u03b9\u03b4\u03b1\u03ba\u03c4\u03b9\u03ba\u03ce\u03bd \u0392\u03b9\u03b2\u03bb\u03af\u03c9\u03bd, \u0391\u03b8\u03ae\u03bd\u03b1 2005 (ISBN 960-06-1732-6).<\/p><p><strong>\u039c\u03b1\u03bd\u03c4\u03ac\u03bd\u03b7\u03c2 \u0393., \u039d\u03c4\u03b1\u03bb\u03cc\u03c2 \u0393.<\/strong><span>\u00a0<\/span>\u03ba\u03b1\u03b9<span>\u00a0<\/span><strong>\u0399. \u03a0\u03b1\u03c0\u03b1\u03b4\u03cc\u03c0\u03bf\u03c5\u03bb\u03bf\u03c2<\/strong><span>\u00a0<\/span>(<strong>2005<\/strong>).<span>\u00a0<\/span><em>\u03a4\u03b5\u03c7\u03bd\u03bf\u03bb\u03bf\u03b3\u03af\u03b1 \u039e\u03cd\u03bb\u03bf\u03c5 &#8211; \u039c\u03b5\u03c4\u03c1\u03ae\u03c3\u03b5\u03b9\u03c2<\/em><span>\u00a0<\/span>(185 \u03c3\u03b5\u03bb.). \u03a0\u03b1\u03b9\u03b4\u03b1\u03b3\u03c9\u03b3\u03b9\u03ba\u03cc \u0399\u03bd\u03c3\u03c4\u03b9\u03c4\u03bf\u03cd\u03c4\u03bf, \u03a4.\u0395.\u0395., 1\u03bf\u03c2 \u039a\u03cd\u03ba\u03bb\u03bf\u03c2, \u0395\u03b9\u03b4\u03b9\u03ba\u03cc\u03c4\u03b7\u03c4\u03b1 \u0395\u03c0\u03b9\u03c0\u03bb\u03bf\u03c0\u03bf\u03b9\u03af\u03b1\u03c2, \u0391\u03b8\u03ae\u03bd\u03b1,<span>\u00a0<\/span><a href=\"http:\/\/mantanis.users.uth.gr\/Texnologia%20Xylou-Metriseis.pdf\">http:\/\/mantanis.users.uth.gr\/Texnologia%20Xylou-Metriseis.pdf<\/a><\/p><p><strong>\u03a3\u03ba\u03b1\u03c1\u03b2\u03ad\u03bb\u03b7\u03c2 \u039c.<\/strong>, \u0396\u03ce\u03c1\u03b6\u03bf\u03c2 \u0399.<span>\u00a0<\/span><strong>2005.<\/strong><span>\u00a0<\/span><em>\u03a3\u03c5\u03bd\u03b4\u03b5\u03c3\u03bc\u03bf\u03bb\u03bf\u03b3\u03af\u03b1.<\/em><span>\u00a0<\/span>\u039f.\u0395.\u0394.\u0392., \u03c3\u03b5\u03bb. 202.<\/p><p>\u03a3\u03ce\u03ba\u03bf\u03c2, \u03a7. \u03ba\u03b1\u03b9<span>\u00a0<\/span><strong>\u03a0. \u039c\u03c0\u03af\u03c1\u03c4\u03c3\u03b1\u03c2 (2005)<\/strong>.<span>\u00a0<\/span><em>\u0394\u03b9\u03b1\u03c7\u03b5\u03af\u03c1\u03b9\u03c3\u03b7 \u039a\u03bf\u03bb\u03c7\u03b9\u03ba\u03bf\u03cd \u03a6\u03b1\u03c3\u03b9\u03b1\u03bd\u03bf\u03cd \u03c3\u03c4\u03b7\u03bd \u0395\u03bb\u03bb\u03ac\u03b4\u03b1 \u2013 \u0394\u03b9\u03b1\u03c4\u03ae\u03c1\u03b7\u03c3\u03b7 \u03bc\u03ad\u03c3\u03c9 \u03c4\u03b7\u03c2 \u03bf\u03c1\u03b8\u03ae\u03c2 \u03c7\u03c1\u03ae\u03c3\u03b7\u03c2<\/em>. \u03a5\u03a0\u0395\u03a7\u03a9\u0394\u0395, \u039a\u03c5\u03bd\u03b7\u03b3\u03b5\u03c4\u03b9\u03ba\u03ae \u039f\u03bc\u03bf\u03c3\u03c0\u03bf\u03bd\u03b4\u03af\u03b1 \u039c\u03b1\u03ba\u03b5\u03b4\u03bf\u03bd\u03af\u03b1\u03c2 &amp; \u0398\u03c1\u03ac\u03ba\u03b7\u03c2. \u03a3\u03b5\u03bb. 144. (ISBN 960-86965-2-6)<\/p><p>Serugendo, G. D. M.,<span>\u00a0<\/span><strong>A. Karageorgos<\/strong>, O. F. Rana and F. Zambonelli, (eds).<span>\u00a0<\/span><a href=\"http:\/\/www.springerlink.com\/content\/fptbla0vy3vp\/\">E<em>ngineering Self-Organising Systems: Nature-inspired approaches to software engineering<\/em><\/a>. Lecture Notes in Computer Science, Vol. 2977.<span>\u00a0<\/span><strong>2004<\/strong>, Springer: Berlin, 299 p., ISBN 978-3-540-21201-0.<\/p>\t\t\t\t\t\t<\/div>\n\t\t\t\t<\/div>\n\t\t\t\t\t<\/div>\n\t\t<\/div>\n\t\t\t\t\t\t\t<\/div>\n\t\t<\/section>\n\t\t\t\t\t\t\t<\/div>","protected":false},"excerpt":{"rendered":"<p>G\u00fcndo\u011fan B., B. Binba\u015faran T\u00fczys\u00fczo\u011flu, A. \u00d6zkil, E. Mitrovic, M.C.E. Rizzo, I. Ausiello,\u00a0M. Vrachnakis\u00a0and Martin Warren.\u00a02019.\u00a0Nature Host Guide Book. T. Can and B. Cengel (eds).\u00a0Nature for Youth and City Project, AGREEMENT n\u00b0 2016-2-TR01-KA205-036224. Funded by Erasmus+ Programme, Key Action 205 Capacity Building in the Field of Youth. Nature Conservation Centre, [&hellip;]<\/p>","protected":false},"author":1,"featured_media":11715,"parent":0,"menu_order":0,"comment_status":"closed","ping_status":"closed","template":"elementor_theme","meta":{"footnotes":""},"_links":{"self":[{"href":"https:\/\/fwsd.uth.gr\/en\/wp-json\/wp\/v2\/pages\/13685"}],"collection":[{"href":"https:\/\/fwsd.uth.gr\/en\/wp-json\/wp\/v2\/pages"}],"about":[{"href":"https:\/\/fwsd.uth.gr\/en\/wp-json\/wp\/v2\/types\/page"}],"author":[{"embeddable":true,"href":"https:\/\/fwsd.uth.gr\/en\/wp-json\/wp\/v2\/users\/1"}],"replies":[{"embeddable":true,"href":"https:\/\/fwsd.uth.gr\/en\/wp-json\/wp\/v2\/comments?post=13685"}],"version-history":[{"count":4,"href":"https:\/\/fwsd.uth.gr\/en\/wp-json\/wp\/v2\/pages\/13685\/revisions"}],"predecessor-version":[{"id":13689,"href":"https:\/\/fwsd.uth.gr\/en\/wp-json\/wp\/v2\/pages\/13685\/revisions\/13689"}],"wp:featuredmedia":[{"embeddable":true,"href":"https:\/\/fwsd.uth.gr\/en\/wp-json\/wp\/v2\/media\/11715"}],"wp:attachment":[{"href":"https:\/\/fwsd.uth.gr\/en\/wp-json\/wp\/v2\/media?parent=13685"}],"curies":[{"name":"wp","href":"https:\/\/api.w.org\/{rel}","templated":true}]}}